{"id":8,"date":"2019-08-14T09:27:40","date_gmt":"2019-08-14T06:27:40","guid":{"rendered":"http:\/\/uusi.dixie-keittiot.fi\/?page_id=8"},"modified":"2020-05-02T15:07:36","modified_gmt":"2020-05-02T12:07:36","slug":"ota-yhteytta","status":"publish","type":"page","link":"https:\/\/dixie-keittiot.fi\/index.php\/ota-yhteytta\/","title":{"rendered":"Ota yhteytt\u00e4"},"content":{"rendered":"\t\t<div data-elementor-type=\"wp-page\" data-elementor-id=\"8\" class=\"elementor elementor-8\">\n\t\t\t\t\t\t\t\t\t<section class=\"elementor-section elementor-top-section elementor-element elementor-element-6cb70c94 elementor-section-boxed elementor-section-height-default elementor-section-height-default\" data-id=\"6cb70c94\" data-element_type=\"section\">\n\t\t\t\t\t\t<div class=\"elementor-container elementor-column-gap-default\">\n\t\t\t\t\t<div class=\"elementor-column elementor-col-100 elementor-top-column elementor-element elementor-element-204417a3\" data-id=\"204417a3\" data-element_type=\"column\">\n\t\t\t<div class=\"elementor-widget-wrap elementor-element-populated\">\n\t\t\t\t\t\t\t\t<div class=\"elementor-element elementor-element-6c1848 elementor-widget elementor-widget-text-editor\" data-id=\"6c1848\" data-element_type=\"widget\" data-widget_type=\"text-editor.default\">\n\t\t\t\t<div class=\"elementor-widget-container\">\n\t\t\t\t\t\t\t<!-- wp:paragraph -->\n<p><strong>Tiedustelut ja tarjouspyynn\u00f6t:<\/strong><\/p>\n<!-- \/wp:paragraph -->\n\n<!-- wp:paragraph -->\n<p><strong>Seppo Ihalainen<\/strong><br>0500 403 560<br><a href=\"mailto:seppo@dixie-keittiot.fi\">seppo@dixie-keittiot.fi<\/a><\/p>\n<!-- \/wp:paragraph -->\n\n<!-- wp:paragraph -->\n<p>Dixie-Keitti\u00f6t<br>Hyttitie 6<br>00700 Helsinki<br><\/p>\n<!-- \/wp:paragraph -->\n\n<!-- wp:paragraph -->\n<p>Y-tunnus:  <a href=\"https:\/\/tietopalvelu.ytj.fi\/yritystiedot.aspx?yavain=1171035&amp;tarkiste=152B4C9DB928E2FD7B849BF3D6FE7DE9C9BF47A3\">1377144-5<\/a><\/p>\n<!-- \/wp:paragraph -->\t\t\t\t\t\t<\/div>\n\t\t\t\t<\/div>\n\t\t\t\t\t<\/div>\n\t\t<\/div>\n\t\t\t\t\t\t\t<\/div>\n\t\t<\/section>\n\t\t\t\t<section class=\"elementor-section elementor-top-section elementor-element elementor-element-782ed98 elementor-section-boxed elementor-section-height-default elementor-section-height-default\" data-id=\"782ed98\" data-element_type=\"section\">\n\t\t\t\t\t\t<div class=\"elementor-container elementor-column-gap-default\">\n\t\t\t\t\t<div class=\"elementor-column elementor-col-100 elementor-top-column elementor-element elementor-element-a355b2c\" data-id=\"a355b2c\" data-element_type=\"column\">\n\t\t\t<div class=\"elementor-widget-wrap elementor-element-populated\">\n\t\t\t\t\t\t\t\t<div class=\"elementor-element elementor-element-a31630f elementor-widget elementor-widget-google_maps\" data-id=\"a31630f\" data-element_type=\"widget\" data-widget_type=\"google_maps.default\">\n\t\t\t\t<div class=\"elementor-widget-container\">\n\t\t\t\t\t<div class=\"elementor-custom-embed\">\n\t\t\t<iframe loading=\"lazy\"\n\t\t\t\t\tsrc=\"https:\/\/maps.google.com\/maps?q=Hyttitie%206%2C%2000700%20Helsinki&#038;t=m&#038;z=13&#038;output=embed&#038;iwloc=near\"\n\t\t\t\t\ttitle=\"Hyttitie 6, 00700 Helsinki\"\n\t\t\t\t\taria-label=\"Hyttitie 6, 00700 Helsinki\"\n\t\t\t><\/iframe>\n\t\t<\/div>\n\t\t\t\t<\/div>\n\t\t\t\t<\/div>\n\t\t\t\t\t<\/div>\n\t\t<\/div>\n\t\t\t\t\t\t\t<\/div>\n\t\t<\/section>\n\t\t\t\t\t\t\t<\/div>\n\t\t","protected":false},"excerpt":{"rendered":"<p>Tiedustelut ja tarjouspyynn\u00f6t: Seppo Ihalainen0500 403 560seppo@dixie-keittiot.fi Dixie-Keitti\u00f6tHyttitie 600700 Helsinki Y-tunnus: 1377144-5<\/p>\n","protected":false},"author":1,"featured_media":79,"parent":0,"menu_order":0,"comment_status":"closed","ping_status":"closed","template":"","meta":{"footnotes":""},"class_list":["post-8","page","type-page","status-publish","has-post-thumbnail","hentry"],"yoast_head":"<!-- This site is optimized with the Yoast SEO plugin v22.6 - https:\/\/yoast.com\/wordpress\/plugins\/seo\/ -->\n<title>Ota yhteytt\u00e4 - Dixie-Keitti\u00f6t<\/title>\n<meta name=\"robots\" content=\"index, follow, max-snippet:-1, max-image-preview:large, max-video-preview:-1\" \/>\n<link rel=\"canonical\" href=\"https:\/\/dixie-keittiot.fi\/index.php\/ota-yhteytta\/\" \/>\n<meta property=\"og:locale\" content=\"fi_FI\" \/>\n<meta property=\"og:type\" content=\"article\" \/>\n<meta property=\"og:title\" content=\"Ota yhteytt\u00e4 - Dixie-Keitti\u00f6t\" \/>\n<meta property=\"og:description\" content=\"Tiedustelut ja tarjouspyynn\u00f6t: Seppo Ihalainen0500 403 560seppo@dixie-keittiot.fi Dixie-Keitti\u00f6tHyttitie 600700 Helsinki Y-tunnus: 1377144-5\" \/>\n<meta property=\"og:url\" content=\"https:\/\/dixie-keittiot.fi\/index.php\/ota-yhteytta\/\" \/>\n<meta property=\"og:site_name\" content=\"Dixie-Keitti\u00f6t\" \/>\n<meta property=\"article:modified_time\" content=\"2020-05-02T12:07:36+00:00\" \/>\n<meta property=\"og:image\" content=\"https:\/\/dixie-keittiot.fi\/wp-content\/uploads\/2019\/08\/contact-us-1908762_1920.png\" \/>\n\t<meta property=\"og:image:width\" content=\"1920\" \/>\n\t<meta property=\"og:image:height\" content=\"673\" \/>\n\t<meta property=\"og:image:type\" content=\"image\/png\" \/>\n<meta name=\"twitter:card\" content=\"summary_large_image\" \/>\n<script type=\"application\/ld+json\" class=\"yoast-schema-graph\">{\"@context\":\"https:\/\/schema.org\",\"@graph\":[{\"@type\":\"WebPage\",\"@id\":\"https:\/\/dixie-keittiot.fi\/index.php\/ota-yhteytta\/\",\"url\":\"https:\/\/dixie-keittiot.fi\/index.php\/ota-yhteytta\/\",\"name\":\"Ota yhteytt\u00e4 - Dixie-Keitti\u00f6t\",\"isPartOf\":{\"@id\":\"https:\/\/dixie-keittiot.fi\/#website\"},\"primaryImageOfPage\":{\"@id\":\"https:\/\/dixie-keittiot.fi\/index.php\/ota-yhteytta\/#primaryimage\"},\"image\":{\"@id\":\"https:\/\/dixie-keittiot.fi\/index.php\/ota-yhteytta\/#primaryimage\"},\"thumbnailUrl\":\"https:\/\/dixie-keittiot.fi\/wp-content\/uploads\/2019\/08\/contact-us-1908762_1920.png\",\"datePublished\":\"2019-08-14T06:27:40+00:00\",\"dateModified\":\"2020-05-02T12:07:36+00:00\",\"breadcrumb\":{\"@id\":\"https:\/\/dixie-keittiot.fi\/index.php\/ota-yhteytta\/#breadcrumb\"},\"inLanguage\":\"fi\",\"potentialAction\":[{\"@type\":\"ReadAction\",\"target\":[\"https:\/\/dixie-keittiot.fi\/index.php\/ota-yhteytta\/\"]}]},{\"@type\":\"ImageObject\",\"inLanguage\":\"fi\",\"@id\":\"https:\/\/dixie-keittiot.fi\/index.php\/ota-yhteytta\/#primaryimage\",\"url\":\"https:\/\/dixie-keittiot.fi\/wp-content\/uploads\/2019\/08\/contact-us-1908762_1920.png\",\"contentUrl\":\"https:\/\/dixie-keittiot.fi\/wp-content\/uploads\/2019\/08\/contact-us-1908762_1920.png\",\"width\":1920,\"height\":673},{\"@type\":\"BreadcrumbList\",\"@id\":\"https:\/\/dixie-keittiot.fi\/index.php\/ota-yhteytta\/#breadcrumb\",\"itemListElement\":[{\"@type\":\"ListItem\",\"position\":1,\"name\":\"Home\",\"item\":\"https:\/\/dixie-keittiot.fi\/\"},{\"@type\":\"ListItem\",\"position\":2,\"name\":\"Ota yhteytt\u00e4\"}]},{\"@type\":\"WebSite\",\"@id\":\"https:\/\/dixie-keittiot.fi\/#website\",\"url\":\"https:\/\/dixie-keittiot.fi\/\",\"name\":\"Dixie-Keitti\u00f6t\",\"description\":\"Laatukeitti\u00f6t joka kotiin\",\"publisher\":{\"@id\":\"https:\/\/dixie-keittiot.fi\/#organization\"},\"potentialAction\":[{\"@type\":\"SearchAction\",\"target\":{\"@type\":\"EntryPoint\",\"urlTemplate\":\"https:\/\/dixie-keittiot.fi\/?s={search_term_string}\"},\"query-input\":\"required name=search_term_string\"}],\"inLanguage\":\"fi\"},{\"@type\":\"Organization\",\"@id\":\"https:\/\/dixie-keittiot.fi\/#organization\",\"name\":\"Dixie-Keitti\u00f6t\",\"url\":\"https:\/\/dixie-keittiot.fi\/\",\"logo\":{\"@type\":\"ImageObject\",\"inLanguage\":\"fi\",\"@id\":\"https:\/\/dixie-keittiot.fi\/#\/schema\/logo\/image\/\",\"url\":\"https:\/\/dixie-keittiot.fi\/wp-content\/uploads\/2019\/08\/cropped-logo2-1.png\",\"contentUrl\":\"https:\/\/dixie-keittiot.fi\/wp-content\/uploads\/2019\/08\/cropped-logo2-1.png\",\"width\":476,\"height\":250,\"caption\":\"Dixie-Keitti\u00f6t\"},\"image\":{\"@id\":\"https:\/\/dixie-keittiot.fi\/#\/schema\/logo\/image\/\"}}]}<\/script>\n<!-- \/ Yoast SEO plugin. -->","yoast_head_json":{"title":"Ota yhteytt\u00e4 - Dixie-Keitti\u00f6t","robots":{"index":"index","follow":"follow","max-snippet":"max-snippet:-1","max-image-preview":"max-image-preview:large","max-video-preview":"max-video-preview:-1"},"canonical":"https:\/\/dixie-keittiot.fi\/index.php\/ota-yhteytta\/","og_locale":"fi_FI","og_type":"article","og_title":"Ota yhteytt\u00e4 - Dixie-Keitti\u00f6t","og_description":"Tiedustelut ja tarjouspyynn\u00f6t: Seppo Ihalainen0500 403 560seppo@dixie-keittiot.fi Dixie-Keitti\u00f6tHyttitie 600700 Helsinki Y-tunnus: 1377144-5","og_url":"https:\/\/dixie-keittiot.fi\/index.php\/ota-yhteytta\/","og_site_name":"Dixie-Keitti\u00f6t","article_modified_time":"2020-05-02T12:07:36+00:00","og_image":[{"width":1920,"height":673,"url":"https:\/\/dixie-keittiot.fi\/wp-content\/uploads\/2019\/08\/contact-us-1908762_1920.png","type":"image\/png"}],"twitter_card":"summary_large_image","schema":{"@context":"https:\/\/schema.org","@graph":[{"@type":"WebPage","@id":"https:\/\/dixie-keittiot.fi\/index.php\/ota-yhteytta\/","url":"https:\/\/dixie-keittiot.fi\/index.php\/ota-yhteytta\/","name":"Ota yhteytt\u00e4 - Dixie-Keitti\u00f6t","isPartOf":{"@id":"https:\/\/dixie-keittiot.fi\/#website"},"primaryImageOfPage":{"@id":"https:\/\/dixie-keittiot.fi\/index.php\/ota-yhteytta\/#primaryimage"},"image":{"@id":"https:\/\/dixie-keittiot.fi\/index.php\/ota-yhteytta\/#primaryimage"},"thumbnailUrl":"https:\/\/dixie-keittiot.fi\/wp-content\/uploads\/2019\/08\/contact-us-1908762_1920.png","datePublished":"2019-08-14T06:27:40+00:00","dateModified":"2020-05-02T12:07:36+00:00","breadcrumb":{"@id":"https:\/\/dixie-keittiot.fi\/index.php\/ota-yhteytta\/#breadcrumb"},"inLanguage":"fi","potentialAction":[{"@type":"ReadAction","target":["https:\/\/dixie-keittiot.fi\/index.php\/ota-yhteytta\/"]}]},{"@type":"ImageObject","inLanguage":"fi","@id":"https:\/\/dixie-keittiot.fi\/index.php\/ota-yhteytta\/#primaryimage","url":"https:\/\/dixie-keittiot.fi\/wp-content\/uploads\/2019\/08\/contact-us-1908762_1920.png","contentUrl":"https:\/\/dixie-keittiot.fi\/wp-content\/uploads\/2019\/08\/contact-us-1908762_1920.png","width":1920,"height":673},{"@type":"BreadcrumbList","@id":"https:\/\/dixie-keittiot.fi\/index.php\/ota-yhteytta\/#breadcrumb","itemListElement":[{"@type":"ListItem","position":1,"name":"Home","item":"https:\/\/dixie-keittiot.fi\/"},{"@type":"ListItem","position":2,"name":"Ota yhteytt\u00e4"}]},{"@type":"WebSite","@id":"https:\/\/dixie-keittiot.fi\/#website","url":"https:\/\/dixie-keittiot.fi\/","name":"Dixie-Keitti\u00f6t","description":"Laatukeitti\u00f6t joka kotiin","publisher":{"@id":"https:\/\/dixie-keittiot.fi\/#organization"},"potentialAction":[{"@type":"SearchAction","target":{"@type":"EntryPoint","urlTemplate":"https:\/\/dixie-keittiot.fi\/?s={search_term_string}"},"query-input":"required name=search_term_string"}],"inLanguage":"fi"},{"@type":"Organization","@id":"https:\/\/dixie-keittiot.fi\/#organization","name":"Dixie-Keitti\u00f6t","url":"https:\/\/dixie-keittiot.fi\/","logo":{"@type":"ImageObject","inLanguage":"fi","@id":"https:\/\/dixie-keittiot.fi\/#\/schema\/logo\/image\/","url":"https:\/\/dixie-keittiot.fi\/wp-content\/uploads\/2019\/08\/cropped-logo2-1.png","contentUrl":"https:\/\/dixie-keittiot.fi\/wp-content\/uploads\/2019\/08\/cropped-logo2-1.png","width":476,"height":250,"caption":"Dixie-Keitti\u00f6t"},"image":{"@id":"https:\/\/dixie-keittiot.fi\/#\/schema\/logo\/image\/"}}]}},"_links":{"self":[{"href":"https:\/\/dixie-keittiot.fi\/index.php\/wp-json\/wp\/v2\/pages\/8","targetHints":{"allow":["GET"]}}],"collection":[{"href":"https:\/\/dixie-keittiot.fi\/index.php\/wp-json\/wp\/v2\/pages"}],"about":[{"href":"https:\/\/dixie-keittiot.fi\/index.php\/wp-json\/wp\/v2\/types\/page"}],"author":[{"embeddable":true,"href":"https:\/\/dixie-keittiot.fi\/index.php\/wp-json\/wp\/v2\/users\/1"}],"replies":[{"embeddable":true,"href":"https:\/\/dixie-keittiot.fi\/index.php\/wp-json\/wp\/v2\/comments?post=8"}],"version-history":[{"count":6,"href":"https:\/\/dixie-keittiot.fi\/index.php\/wp-json\/wp\/v2\/pages\/8\/revisions"}],"predecessor-version":[{"id":200,"href":"https:\/\/dixie-keittiot.fi\/index.php\/wp-json\/wp\/v2\/pages\/8\/revisions\/200"}],"wp:featuredmedia":[{"embeddable":true,"href":"https:\/\/dixie-keittiot.fi\/index.php\/wp-json\/wp\/v2\/media\/79"}],"wp:attachment":[{"href":"https:\/\/dixie-keittiot.fi\/index.php\/wp-json\/wp\/v2\/media?parent=8"}],"curies":[{"name":"wp","href":"https:\/\/api.w.org\/{rel}","templated":true}]}}