{"id":61,"date":"2019-08-14T10:18:05","date_gmt":"2019-08-14T07:18:05","guid":{"rendered":"http:\/\/uusi.dixie-keittiot.fi\/?page_id=61"},"modified":"2019-08-19T14:38:45","modified_gmt":"2019-08-19T11:38:45","slug":"loyda-meidat","status":"publish","type":"page","link":"https:\/\/dixie-keittiot.fi\/index.php\/loyda-meidat\/","title":{"rendered":"L\u00f6yd\u00e4 meid\u00e4t"},"content":{"rendered":"\t\t<div data-elementor-type=\"wp-post\" data-elementor-id=\"61\" class=\"elementor elementor-61\">\n\t\t\t\t\t\t\t\t\t<section class=\"elementor-section elementor-top-section elementor-element elementor-element-2f8e4a75 elementor-section-boxed elementor-section-height-default elementor-section-height-default\" data-id=\"2f8e4a75\" data-element_type=\"section\">\n\t\t\t\t\t\t<div class=\"elementor-container elementor-column-gap-default\">\n\t\t\t\t\t<div class=\"elementor-column elementor-col-100 elementor-top-column elementor-element elementor-element-5b963cd\" data-id=\"5b963cd\" data-element_type=\"column\">\n\t\t\t<div class=\"elementor-widget-wrap elementor-element-populated\">\n\t\t\t\t\t\t\t\t<div class=\"elementor-element elementor-element-ea7e70e elementor-widget elementor-widget-text-editor\" data-id=\"ea7e70e\" data-element_type=\"widget\" data-widget_type=\"text-editor.default\">\n\t\t\t\t<div class=\"elementor-widget-container\">\n\t\t\t\t\t\t\t<!-- wp:paragraph -->\n<p><strong>Osoite<\/strong><br>Hyttitie 6<\/p>\n<!-- \/wp:paragraph -->\n\n<!-- wp:paragraph -->\n<p>00700 Helsinki<\/p>\n<!-- \/wp:paragraph -->\n\n<!-- wp:paragraph -->\n<p><strong>Aukioloajat<\/strong><br>Maanantaista perjantaihin: 9:00\u201317:00<\/p>\n<!-- \/wp:paragraph -->\n\n<!-- wp:paragraph -->\n<p><\/p>\n<!-- \/wp:paragraph -->\t\t\t\t\t\t<\/div>\n\t\t\t\t<\/div>\n\t\t\t\t\t<\/div>\n\t\t<\/div>\n\t\t\t\t\t\t\t<\/div>\n\t\t<\/section>\n\t\t\t\t<section class=\"elementor-section elementor-top-section elementor-element elementor-element-dc28cc7 elementor-section-boxed elementor-section-height-default elementor-section-height-default\" data-id=\"dc28cc7\" data-element_type=\"section\">\n\t\t\t\t\t\t<div class=\"elementor-container elementor-column-gap-default\">\n\t\t\t\t\t<div class=\"elementor-column elementor-col-100 elementor-top-column elementor-element elementor-element-810e096\" data-id=\"810e096\" data-element_type=\"column\">\n\t\t\t<div class=\"elementor-widget-wrap elementor-element-populated\">\n\t\t\t\t\t\t\t\t<div class=\"elementor-element elementor-element-2e3178e elementor-widget elementor-widget-google_maps\" data-id=\"2e3178e\" data-element_type=\"widget\" data-widget_type=\"google_maps.default\">\n\t\t\t\t<div class=\"elementor-widget-container\">\n\t\t\t\t\t<div class=\"elementor-custom-embed\">\n\t\t\t<iframe loading=\"lazy\"\n\t\t\t\t\tsrc=\"https:\/\/maps.google.com\/maps?q=Hyttitie%206&#038;t=m&#038;z=13&#038;output=embed&#038;iwloc=near\"\n\t\t\t\t\ttitle=\"Hyttitie 6\"\n\t\t\t\t\taria-label=\"Hyttitie 6\"\n\t\t\t><\/iframe>\n\t\t<\/div>\n\t\t\t\t<\/div>\n\t\t\t\t<\/div>\n\t\t\t\t\t<\/div>\n\t\t<\/div>\n\t\t\t\t\t\t\t<\/div>\n\t\t<\/section>\n\t\t\t\t\t\t\t<\/div>\n\t\t","protected":false},"excerpt":{"rendered":"<p>OsoiteHyttitie 6 00700 Helsinki AukioloajatMaanantaista perjantaihin: 9:00\u201317:00<\/p>\n","protected":false},"author":1,"featured_media":0,"parent":0,"menu_order":0,"comment_status":"closed","ping_status":"closed","template":"","meta":{"footnotes":""},"class_list":["post-61","page","type-page","status-publish","hentry"],"yoast_head":"<!-- This site is optimized with the Yoast SEO plugin v22.6 - https:\/\/yoast.com\/wordpress\/plugins\/seo\/ -->\n<title>L\u00f6yd\u00e4 meid\u00e4t - Dixie-Keitti\u00f6t<\/title>\n<meta name=\"robots\" content=\"index, follow, max-snippet:-1, max-image-preview:large, max-video-preview:-1\" \/>\n<link rel=\"canonical\" href=\"https:\/\/dixie-keittiot.fi\/index.php\/loyda-meidat\/\" \/>\n<meta property=\"og:locale\" content=\"fi_FI\" \/>\n<meta property=\"og:type\" content=\"article\" \/>\n<meta property=\"og:title\" content=\"L\u00f6yd\u00e4 meid\u00e4t - Dixie-Keitti\u00f6t\" \/>\n<meta property=\"og:description\" content=\"OsoiteHyttitie 6 00700 Helsinki AukioloajatMaanantaista perjantaihin: 9:00\u201317:00\" \/>\n<meta property=\"og:url\" content=\"https:\/\/dixie-keittiot.fi\/index.php\/loyda-meidat\/\" \/>\n<meta property=\"og:site_name\" content=\"Dixie-Keitti\u00f6t\" \/>\n<meta property=\"article:modified_time\" content=\"2019-08-19T11:38:45+00:00\" \/>\n<meta name=\"twitter:card\" content=\"summary_large_image\" \/>\n<script type=\"application\/ld+json\" class=\"yoast-schema-graph\">{\"@context\":\"https:\/\/schema.org\",\"@graph\":[{\"@type\":\"WebPage\",\"@id\":\"https:\/\/dixie-keittiot.fi\/index.php\/loyda-meidat\/\",\"url\":\"https:\/\/dixie-keittiot.fi\/index.php\/loyda-meidat\/\",\"name\":\"L\u00f6yd\u00e4 meid\u00e4t - Dixie-Keitti\u00f6t\",\"isPartOf\":{\"@id\":\"https:\/\/dixie-keittiot.fi\/#website\"},\"datePublished\":\"2019-08-14T07:18:05+00:00\",\"dateModified\":\"2019-08-19T11:38:45+00:00\",\"breadcrumb\":{\"@id\":\"https:\/\/dixie-keittiot.fi\/index.php\/loyda-meidat\/#breadcrumb\"},\"inLanguage\":\"fi\",\"potentialAction\":[{\"@type\":\"ReadAction\",\"target\":[\"https:\/\/dixie-keittiot.fi\/index.php\/loyda-meidat\/\"]}]},{\"@type\":\"BreadcrumbList\",\"@id\":\"https:\/\/dixie-keittiot.fi\/index.php\/loyda-meidat\/#breadcrumb\",\"itemListElement\":[{\"@type\":\"ListItem\",\"position\":1,\"name\":\"Home\",\"item\":\"https:\/\/dixie-keittiot.fi\/\"},{\"@type\":\"ListItem\",\"position\":2,\"name\":\"L\u00f6yd\u00e4 meid\u00e4t\"}]},{\"@type\":\"WebSite\",\"@id\":\"https:\/\/dixie-keittiot.fi\/#website\",\"url\":\"https:\/\/dixie-keittiot.fi\/\",\"name\":\"Dixie-Keitti\u00f6t\",\"description\":\"Laatukeitti\u00f6t joka kotiin\",\"publisher\":{\"@id\":\"https:\/\/dixie-keittiot.fi\/#organization\"},\"potentialAction\":[{\"@type\":\"SearchAction\",\"target\":{\"@type\":\"EntryPoint\",\"urlTemplate\":\"https:\/\/dixie-keittiot.fi\/?s={search_term_string}\"},\"query-input\":\"required name=search_term_string\"}],\"inLanguage\":\"fi\"},{\"@type\":\"Organization\",\"@id\":\"https:\/\/dixie-keittiot.fi\/#organization\",\"name\":\"Dixie-Keitti\u00f6t\",\"url\":\"https:\/\/dixie-keittiot.fi\/\",\"logo\":{\"@type\":\"ImageObject\",\"inLanguage\":\"fi\",\"@id\":\"https:\/\/dixie-keittiot.fi\/#\/schema\/logo\/image\/\",\"url\":\"https:\/\/dixie-keittiot.fi\/wp-content\/uploads\/2019\/08\/cropped-logo2-1.png\",\"contentUrl\":\"https:\/\/dixie-keittiot.fi\/wp-content\/uploads\/2019\/08\/cropped-logo2-1.png\",\"width\":476,\"height\":250,\"caption\":\"Dixie-Keitti\u00f6t\"},\"image\":{\"@id\":\"https:\/\/dixie-keittiot.fi\/#\/schema\/logo\/image\/\"}}]}<\/script>\n<!-- \/ Yoast SEO plugin. -->","yoast_head_json":{"title":"L\u00f6yd\u00e4 meid\u00e4t - Dixie-Keitti\u00f6t","robots":{"index":"index","follow":"follow","max-snippet":"max-snippet:-1","max-image-preview":"max-image-preview:large","max-video-preview":"max-video-preview:-1"},"canonical":"https:\/\/dixie-keittiot.fi\/index.php\/loyda-meidat\/","og_locale":"fi_FI","og_type":"article","og_title":"L\u00f6yd\u00e4 meid\u00e4t - Dixie-Keitti\u00f6t","og_description":"OsoiteHyttitie 6 00700 Helsinki AukioloajatMaanantaista perjantaihin: 9:00\u201317:00","og_url":"https:\/\/dixie-keittiot.fi\/index.php\/loyda-meidat\/","og_site_name":"Dixie-Keitti\u00f6t","article_modified_time":"2019-08-19T11:38:45+00:00","twitter_card":"summary_large_image","schema":{"@context":"https:\/\/schema.org","@graph":[{"@type":"WebPage","@id":"https:\/\/dixie-keittiot.fi\/index.php\/loyda-meidat\/","url":"https:\/\/dixie-keittiot.fi\/index.php\/loyda-meidat\/","name":"L\u00f6yd\u00e4 meid\u00e4t - Dixie-Keitti\u00f6t","isPartOf":{"@id":"https:\/\/dixie-keittiot.fi\/#website"},"datePublished":"2019-08-14T07:18:05+00:00","dateModified":"2019-08-19T11:38:45+00:00","breadcrumb":{"@id":"https:\/\/dixie-keittiot.fi\/index.php\/loyda-meidat\/#breadcrumb"},"inLanguage":"fi","potentialAction":[{"@type":"ReadAction","target":["https:\/\/dixie-keittiot.fi\/index.php\/loyda-meidat\/"]}]},{"@type":"BreadcrumbList","@id":"https:\/\/dixie-keittiot.fi\/index.php\/loyda-meidat\/#breadcrumb","itemListElement":[{"@type":"ListItem","position":1,"name":"Home","item":"https:\/\/dixie-keittiot.fi\/"},{"@type":"ListItem","position":2,"name":"L\u00f6yd\u00e4 meid\u00e4t"}]},{"@type":"WebSite","@id":"https:\/\/dixie-keittiot.fi\/#website","url":"https:\/\/dixie-keittiot.fi\/","name":"Dixie-Keitti\u00f6t","description":"Laatukeitti\u00f6t joka kotiin","publisher":{"@id":"https:\/\/dixie-keittiot.fi\/#organization"},"potentialAction":[{"@type":"SearchAction","target":{"@type":"EntryPoint","urlTemplate":"https:\/\/dixie-keittiot.fi\/?s={search_term_string}"},"query-input":"required name=search_term_string"}],"inLanguage":"fi"},{"@type":"Organization","@id":"https:\/\/dixie-keittiot.fi\/#organization","name":"Dixie-Keitti\u00f6t","url":"https:\/\/dixie-keittiot.fi\/","logo":{"@type":"ImageObject","inLanguage":"fi","@id":"https:\/\/dixie-keittiot.fi\/#\/schema\/logo\/image\/","url":"https:\/\/dixie-keittiot.fi\/wp-content\/uploads\/2019\/08\/cropped-logo2-1.png","contentUrl":"https:\/\/dixie-keittiot.fi\/wp-content\/uploads\/2019\/08\/cropped-logo2-1.png","width":476,"height":250,"caption":"Dixie-Keitti\u00f6t"},"image":{"@id":"https:\/\/dixie-keittiot.fi\/#\/schema\/logo\/image\/"}}]}},"_links":{"self":[{"href":"https:\/\/dixie-keittiot.fi\/index.php\/wp-json\/wp\/v2\/pages\/61","targetHints":{"allow":["GET"]}}],"collection":[{"href":"https:\/\/dixie-keittiot.fi\/index.php\/wp-json\/wp\/v2\/pages"}],"about":[{"href":"https:\/\/dixie-keittiot.fi\/index.php\/wp-json\/wp\/v2\/types\/page"}],"author":[{"embeddable":true,"href":"https:\/\/dixie-keittiot.fi\/index.php\/wp-json\/wp\/v2\/users\/1"}],"replies":[{"embeddable":true,"href":"https:\/\/dixie-keittiot.fi\/index.php\/wp-json\/wp\/v2\/comments?post=61"}],"version-history":[{"count":3,"href":"https:\/\/dixie-keittiot.fi\/index.php\/wp-json\/wp\/v2\/pages\/61\/revisions"}],"predecessor-version":[{"id":159,"href":"https:\/\/dixie-keittiot.fi\/index.php\/wp-json\/wp\/v2\/pages\/61\/revisions\/159"}],"wp:attachment":[{"href":"https:\/\/dixie-keittiot.fi\/index.php\/wp-json\/wp\/v2\/media?parent=61"}],"curies":[{"name":"wp","href":"https:\/\/api.w.org\/{rel}","templated":true}]}}