{"id":6,"date":"2019-08-14T09:27:24","date_gmt":"2019-08-14T06:27:24","guid":{"rendered":"http:\/\/uusi.dixie-keittiot.fi\/?page_id=6"},"modified":"2019-08-14T12:43:54","modified_gmt":"2019-08-14T09:43:54","slug":"palvelut","status":"publish","type":"page","link":"https:\/\/dixie-keittiot.fi\/index.php\/palvelut\/","title":{"rendered":"Palvelut"},"content":{"rendered":"\n<h5 class=\"wp-block-heading\">Meilt\u00e4 saat seuraavat koko kodin kalustamiseen tarvittavat palvelut saman katon alta:<\/h5>\n\n\n\n<ul class=\"wp-block-list\"><li>Kolmiulotteinen&nbsp;tietokonesuunnittelupalvelu, tutustu uuteen keitti\u00f6\u00f6si virtuaalisesti.<\/li><li>Mittaus &#8211; ja asennuspalvelu.<\/li><li>Maalaus, parketti, matto, ja laatoitusty\u00f6t.<\/li><li>S\u00e4hk\u00f6- ja putkity\u00f6t.<\/li><li>Kodinkoneet.<\/li><li>Kalusteet tarvittaessa erikoismitoin.<\/li><li>Erikoisosaamisena putkisaneerausten yhteydess\u00e4 teht\u00e4v\u00e4t kalusteiden uusimisty\u00f6t. <\/li><\/ul>\n","protected":false},"excerpt":{"rendered":"<p>Meilt\u00e4 saat seuraavat koko kodin kalustamiseen tarvittavat palvelut saman katon alta: Kolmiulotteinen&nbsp;tietokonesuunnittelupalvelu, tutustu uuteen keitti\u00f6\u00f6si virtuaalisesti. Mittaus &#8211; ja asennuspalvelu. Maalaus, parketti, matto, ja laatoitusty\u00f6t. S\u00e4hk\u00f6- ja putkity\u00f6t. Kodinkoneet. Kalusteet tarvittaessa erikoismitoin. Erikoisosaamisena putkisaneerausten yhteydess\u00e4 teht\u00e4v\u00e4t kalusteiden uusimisty\u00f6t.<\/p>\n","protected":false},"author":1,"featured_media":49,"parent":0,"menu_order":0,"comment_status":"closed","ping_status":"closed","template":"","meta":{"footnotes":""},"class_list":["post-6","page","type-page","status-publish","has-post-thumbnail","hentry"],"yoast_head":"<!-- This site is optimized with the Yoast SEO plugin v22.6 - https:\/\/yoast.com\/wordpress\/plugins\/seo\/ -->\n<title>Palvelut - Dixie-Keitti\u00f6t<\/title>\n<meta name=\"robots\" content=\"index, follow, max-snippet:-1, max-image-preview:large, max-video-preview:-1\" \/>\n<link rel=\"canonical\" href=\"https:\/\/dixie-keittiot.fi\/index.php\/palvelut\/\" \/>\n<meta property=\"og:locale\" content=\"fi_FI\" \/>\n<meta property=\"og:type\" content=\"article\" \/>\n<meta property=\"og:title\" content=\"Palvelut - Dixie-Keitti\u00f6t\" \/>\n<meta property=\"og:description\" content=\"Meilt\u00e4 saat seuraavat koko kodin kalustamiseen tarvittavat palvelut saman katon alta: Kolmiulotteinen&nbsp;tietokonesuunnittelupalvelu, tutustu uuteen keitti\u00f6\u00f6si virtuaalisesti. Mittaus &#8211; ja asennuspalvelu. Maalaus, parketti, matto, ja laatoitusty\u00f6t. S\u00e4hk\u00f6- ja putkity\u00f6t. Kodinkoneet. Kalusteet tarvittaessa erikoismitoin. Erikoisosaamisena putkisaneerausten yhteydess\u00e4 teht\u00e4v\u00e4t kalusteiden uusimisty\u00f6t.\" \/>\n<meta property=\"og:url\" content=\"https:\/\/dixie-keittiot.fi\/index.php\/palvelut\/\" \/>\n<meta property=\"og:site_name\" content=\"Dixie-Keitti\u00f6t\" \/>\n<meta property=\"article:modified_time\" content=\"2019-08-14T09:43:54+00:00\" \/>\n<meta property=\"og:image\" content=\"https:\/\/dixie-keittiot.fi\/wp-content\/uploads\/2019\/08\/measure2-1024x640.jpg\" \/>\n\t<meta property=\"og:image:width\" content=\"1024\" \/>\n\t<meta property=\"og:image:height\" content=\"640\" \/>\n\t<meta property=\"og:image:type\" content=\"image\/jpeg\" \/>\n<meta name=\"twitter:card\" content=\"summary_large_image\" \/>\n<script type=\"application\/ld+json\" class=\"yoast-schema-graph\">{\"@context\":\"https:\/\/schema.org\",\"@graph\":[{\"@type\":\"WebPage\",\"@id\":\"https:\/\/dixie-keittiot.fi\/index.php\/palvelut\/\",\"url\":\"https:\/\/dixie-keittiot.fi\/index.php\/palvelut\/\",\"name\":\"Palvelut - Dixie-Keitti\u00f6t\",\"isPartOf\":{\"@id\":\"https:\/\/dixie-keittiot.fi\/#website\"},\"primaryImageOfPage\":{\"@id\":\"https:\/\/dixie-keittiot.fi\/index.php\/palvelut\/#primaryimage\"},\"image\":{\"@id\":\"https:\/\/dixie-keittiot.fi\/index.php\/palvelut\/#primaryimage\"},\"thumbnailUrl\":\"https:\/\/dixie-keittiot.fi\/wp-content\/uploads\/2019\/08\/measure2-1024x640.jpg\",\"datePublished\":\"2019-08-14T06:27:24+00:00\",\"dateModified\":\"2019-08-14T09:43:54+00:00\",\"breadcrumb\":{\"@id\":\"https:\/\/dixie-keittiot.fi\/index.php\/palvelut\/#breadcrumb\"},\"inLanguage\":\"fi\",\"potentialAction\":[{\"@type\":\"ReadAction\",\"target\":[\"https:\/\/dixie-keittiot.fi\/index.php\/palvelut\/\"]}]},{\"@type\":\"ImageObject\",\"inLanguage\":\"fi\",\"@id\":\"https:\/\/dixie-keittiot.fi\/index.php\/palvelut\/#primaryimage\",\"url\":\"https:\/\/dixie-keittiot.fi\/wp-content\/uploads\/2019\/08\/measure2-1024x640.jpg\",\"contentUrl\":\"https:\/\/dixie-keittiot.fi\/wp-content\/uploads\/2019\/08\/measure2-1024x640.jpg\",\"width\":1024,\"height\":640},{\"@type\":\"BreadcrumbList\",\"@id\":\"https:\/\/dixie-keittiot.fi\/index.php\/palvelut\/#breadcrumb\",\"itemListElement\":[{\"@type\":\"ListItem\",\"position\":1,\"name\":\"Home\",\"item\":\"https:\/\/dixie-keittiot.fi\/\"},{\"@type\":\"ListItem\",\"position\":2,\"name\":\"Palvelut\"}]},{\"@type\":\"WebSite\",\"@id\":\"https:\/\/dixie-keittiot.fi\/#website\",\"url\":\"https:\/\/dixie-keittiot.fi\/\",\"name\":\"Dixie-Keitti\u00f6t\",\"description\":\"Laatukeitti\u00f6t joka kotiin\",\"publisher\":{\"@id\":\"https:\/\/dixie-keittiot.fi\/#organization\"},\"potentialAction\":[{\"@type\":\"SearchAction\",\"target\":{\"@type\":\"EntryPoint\",\"urlTemplate\":\"https:\/\/dixie-keittiot.fi\/?s={search_term_string}\"},\"query-input\":\"required name=search_term_string\"}],\"inLanguage\":\"fi\"},{\"@type\":\"Organization\",\"@id\":\"https:\/\/dixie-keittiot.fi\/#organization\",\"name\":\"Dixie-Keitti\u00f6t\",\"url\":\"https:\/\/dixie-keittiot.fi\/\",\"logo\":{\"@type\":\"ImageObject\",\"inLanguage\":\"fi\",\"@id\":\"https:\/\/dixie-keittiot.fi\/#\/schema\/logo\/image\/\",\"url\":\"https:\/\/dixie-keittiot.fi\/wp-content\/uploads\/2019\/08\/cropped-logo2-1.png\",\"contentUrl\":\"https:\/\/dixie-keittiot.fi\/wp-content\/uploads\/2019\/08\/cropped-logo2-1.png\",\"width\":476,\"height\":250,\"caption\":\"Dixie-Keitti\u00f6t\"},\"image\":{\"@id\":\"https:\/\/dixie-keittiot.fi\/#\/schema\/logo\/image\/\"}}]}<\/script>\n<!-- \/ Yoast SEO plugin. -->","yoast_head_json":{"title":"Palvelut - Dixie-Keitti\u00f6t","robots":{"index":"index","follow":"follow","max-snippet":"max-snippet:-1","max-image-preview":"max-image-preview:large","max-video-preview":"max-video-preview:-1"},"canonical":"https:\/\/dixie-keittiot.fi\/index.php\/palvelut\/","og_locale":"fi_FI","og_type":"article","og_title":"Palvelut - Dixie-Keitti\u00f6t","og_description":"Meilt\u00e4 saat seuraavat koko kodin kalustamiseen tarvittavat palvelut saman katon alta: Kolmiulotteinen&nbsp;tietokonesuunnittelupalvelu, tutustu uuteen keitti\u00f6\u00f6si virtuaalisesti. Mittaus &#8211; ja asennuspalvelu. Maalaus, parketti, matto, ja laatoitusty\u00f6t. S\u00e4hk\u00f6- ja putkity\u00f6t. Kodinkoneet. Kalusteet tarvittaessa erikoismitoin. Erikoisosaamisena putkisaneerausten yhteydess\u00e4 teht\u00e4v\u00e4t kalusteiden uusimisty\u00f6t.","og_url":"https:\/\/dixie-keittiot.fi\/index.php\/palvelut\/","og_site_name":"Dixie-Keitti\u00f6t","article_modified_time":"2019-08-14T09:43:54+00:00","og_image":[{"width":1024,"height":640,"url":"https:\/\/dixie-keittiot.fi\/wp-content\/uploads\/2019\/08\/measure2-1024x640.jpg","type":"image\/jpeg"}],"twitter_card":"summary_large_image","schema":{"@context":"https:\/\/schema.org","@graph":[{"@type":"WebPage","@id":"https:\/\/dixie-keittiot.fi\/index.php\/palvelut\/","url":"https:\/\/dixie-keittiot.fi\/index.php\/palvelut\/","name":"Palvelut - Dixie-Keitti\u00f6t","isPartOf":{"@id":"https:\/\/dixie-keittiot.fi\/#website"},"primaryImageOfPage":{"@id":"https:\/\/dixie-keittiot.fi\/index.php\/palvelut\/#primaryimage"},"image":{"@id":"https:\/\/dixie-keittiot.fi\/index.php\/palvelut\/#primaryimage"},"thumbnailUrl":"https:\/\/dixie-keittiot.fi\/wp-content\/uploads\/2019\/08\/measure2-1024x640.jpg","datePublished":"2019-08-14T06:27:24+00:00","dateModified":"2019-08-14T09:43:54+00:00","breadcrumb":{"@id":"https:\/\/dixie-keittiot.fi\/index.php\/palvelut\/#breadcrumb"},"inLanguage":"fi","potentialAction":[{"@type":"ReadAction","target":["https:\/\/dixie-keittiot.fi\/index.php\/palvelut\/"]}]},{"@type":"ImageObject","inLanguage":"fi","@id":"https:\/\/dixie-keittiot.fi\/index.php\/palvelut\/#primaryimage","url":"https:\/\/dixie-keittiot.fi\/wp-content\/uploads\/2019\/08\/measure2-1024x640.jpg","contentUrl":"https:\/\/dixie-keittiot.fi\/wp-content\/uploads\/2019\/08\/measure2-1024x640.jpg","width":1024,"height":640},{"@type":"BreadcrumbList","@id":"https:\/\/dixie-keittiot.fi\/index.php\/palvelut\/#breadcrumb","itemListElement":[{"@type":"ListItem","position":1,"name":"Home","item":"https:\/\/dixie-keittiot.fi\/"},{"@type":"ListItem","position":2,"name":"Palvelut"}]},{"@type":"WebSite","@id":"https:\/\/dixie-keittiot.fi\/#website","url":"https:\/\/dixie-keittiot.fi\/","name":"Dixie-Keitti\u00f6t","description":"Laatukeitti\u00f6t joka kotiin","publisher":{"@id":"https:\/\/dixie-keittiot.fi\/#organization"},"potentialAction":[{"@type":"SearchAction","target":{"@type":"EntryPoint","urlTemplate":"https:\/\/dixie-keittiot.fi\/?s={search_term_string}"},"query-input":"required name=search_term_string"}],"inLanguage":"fi"},{"@type":"Organization","@id":"https:\/\/dixie-keittiot.fi\/#organization","name":"Dixie-Keitti\u00f6t","url":"https:\/\/dixie-keittiot.fi\/","logo":{"@type":"ImageObject","inLanguage":"fi","@id":"https:\/\/dixie-keittiot.fi\/#\/schema\/logo\/image\/","url":"https:\/\/dixie-keittiot.fi\/wp-content\/uploads\/2019\/08\/cropped-logo2-1.png","contentUrl":"https:\/\/dixie-keittiot.fi\/wp-content\/uploads\/2019\/08\/cropped-logo2-1.png","width":476,"height":250,"caption":"Dixie-Keitti\u00f6t"},"image":{"@id":"https:\/\/dixie-keittiot.fi\/#\/schema\/logo\/image\/"}}]}},"_links":{"self":[{"href":"https:\/\/dixie-keittiot.fi\/index.php\/wp-json\/wp\/v2\/pages\/6","targetHints":{"allow":["GET"]}}],"collection":[{"href":"https:\/\/dixie-keittiot.fi\/index.php\/wp-json\/wp\/v2\/pages"}],"about":[{"href":"https:\/\/dixie-keittiot.fi\/index.php\/wp-json\/wp\/v2\/types\/page"}],"author":[{"embeddable":true,"href":"https:\/\/dixie-keittiot.fi\/index.php\/wp-json\/wp\/v2\/users\/1"}],"replies":[{"embeddable":true,"href":"https:\/\/dixie-keittiot.fi\/index.php\/wp-json\/wp\/v2\/comments?post=6"}],"version-history":[{"count":8,"href":"https:\/\/dixie-keittiot.fi\/index.php\/wp-json\/wp\/v2\/pages\/6\/revisions"}],"predecessor-version":[{"id":83,"href":"https:\/\/dixie-keittiot.fi\/index.php\/wp-json\/wp\/v2\/pages\/6\/revisions\/83"}],"wp:featuredmedia":[{"embeddable":true,"href":"https:\/\/dixie-keittiot.fi\/index.php\/wp-json\/wp\/v2\/media\/49"}],"wp:attachment":[{"href":"https:\/\/dixie-keittiot.fi\/index.php\/wp-json\/wp\/v2\/media?parent=6"}],"curies":[{"name":"wp","href":"https:\/\/api.w.org\/{rel}","templated":true}]}}