{"id":4,"date":"2019-08-14T09:27:08","date_gmt":"2019-08-14T06:27:08","guid":{"rendered":"http:\/\/uusi.dixie-keittiot.fi\/?page_id=4"},"modified":"2020-05-02T20:28:51","modified_gmt":"2020-05-02T17:28:51","slug":"etusivu","status":"publish","type":"page","link":"https:\/\/dixie-keittiot.fi\/","title":{"rendered":"Dixie-Keitti\u00f6t"},"content":{"rendered":"\n<p>Dixie-Keitti\u00f6t on vuonna 1987 perustettu perheyritys.<\/p>\n\n\n\n<p>Toimimme p\u00e4\u00e4kaupunkiseudulla ja toimipisteemme sijaitsee Pohjois-Helsingiss\u00e4. Dixie- Keitti\u00f6ill\u00e4 on vankka kokemus korjaus &#8211; ja uudisrakentamisen alalta. <\/p>\n\n\n\n<p>Oma tuotantomme takaa nopean ja joustavan palvelun kaikessa kalustamiseen liittyviss\u00e4 teht\u00e4viss\u00e4.<\/p>\n","protected":false},"excerpt":{"rendered":"<p>Dixie-Keitti\u00f6t on vuonna 1987 perustettu perheyritys. Toimimme p\u00e4\u00e4kaupunkiseudulla ja toimipisteemme sijaitsee Pohjois-Helsingiss\u00e4. Dixie- Keitti\u00f6ill\u00e4 on vankka kokemus korjaus &#8211; ja uudisrakentamisen alalta. Oma tuotantomme takaa nopean ja joustavan palvelun kaikessa kalustamiseen liittyviss\u00e4 teht\u00e4viss\u00e4.<\/p>\n","protected":false},"author":1,"featured_media":0,"parent":0,"menu_order":0,"comment_status":"closed","ping_status":"closed","template":"","meta":{"footnotes":""},"class_list":["post-4","page","type-page","status-publish","hentry"],"yoast_head":"<!-- This site is optimized with the Yoast SEO plugin v22.6 - https:\/\/yoast.com\/wordpress\/plugins\/seo\/ -->\n<title>Dixie-Keitti\u00f6t - Dixie-Keitti\u00f6t<\/title>\n<meta name=\"description\" content=\"Meilt\u00e4 saat koko kodin kalustamiseen tarvittavat palvelut saman katon alta. Oma tuotantomme takaa nopean ja joustavan palvelun.\" \/>\n<meta name=\"robots\" content=\"index, follow, max-snippet:-1, max-image-preview:large, max-video-preview:-1\" \/>\n<link rel=\"canonical\" href=\"https:\/\/dixie-keittiot.fi\/\" \/>\n<meta property=\"og:locale\" content=\"fi_FI\" \/>\n<meta property=\"og:type\" content=\"article\" \/>\n<meta property=\"og:title\" content=\"Dixie-Keitti\u00f6t - Dixie-Keitti\u00f6t\" \/>\n<meta property=\"og:description\" content=\"Meilt\u00e4 saat koko kodin kalustamiseen tarvittavat palvelut saman katon alta. Oma tuotantomme takaa nopean ja joustavan palvelun.\" \/>\n<meta property=\"og:url\" content=\"https:\/\/dixie-keittiot.fi\/\" \/>\n<meta property=\"og:site_name\" content=\"Dixie-Keitti\u00f6t\" \/>\n<meta property=\"article:modified_time\" content=\"2020-05-02T17:28:51+00:00\" \/>\n<meta name=\"twitter:card\" content=\"summary_large_image\" \/>\n<script type=\"application\/ld+json\" class=\"yoast-schema-graph\">{\"@context\":\"https:\/\/schema.org\",\"@graph\":[{\"@type\":\"WebPage\",\"@id\":\"https:\/\/dixie-keittiot.fi\/\",\"url\":\"https:\/\/dixie-keittiot.fi\/\",\"name\":\"Dixie-Keitti\u00f6t - Dixie-Keitti\u00f6t\",\"isPartOf\":{\"@id\":\"https:\/\/dixie-keittiot.fi\/#website\"},\"datePublished\":\"2019-08-14T06:27:08+00:00\",\"dateModified\":\"2020-05-02T17:28:51+00:00\",\"description\":\"Meilt\u00e4 saat koko kodin kalustamiseen tarvittavat palvelut saman katon alta. Oma tuotantomme takaa nopean ja joustavan palvelun.\",\"breadcrumb\":{\"@id\":\"https:\/\/dixie-keittiot.fi\/#breadcrumb\"},\"inLanguage\":\"fi\",\"potentialAction\":[{\"@type\":\"ReadAction\",\"target\":[\"https:\/\/dixie-keittiot.fi\/\"]}]},{\"@type\":\"BreadcrumbList\",\"@id\":\"https:\/\/dixie-keittiot.fi\/#breadcrumb\",\"itemListElement\":[{\"@type\":\"ListItem\",\"position\":1,\"name\":\"Home\",\"item\":\"https:\/\/dixie-keittiot.fi\/\"},{\"@type\":\"ListItem\",\"position\":2,\"name\":\"Dixie-Keitti\u00f6t\"}]},{\"@type\":\"WebSite\",\"@id\":\"https:\/\/dixie-keittiot.fi\/#website\",\"url\":\"https:\/\/dixie-keittiot.fi\/\",\"name\":\"Dixie-Keitti\u00f6t\",\"description\":\"Laatukeitti\u00f6t joka kotiin\",\"publisher\":{\"@id\":\"https:\/\/dixie-keittiot.fi\/#organization\"},\"potentialAction\":[{\"@type\":\"SearchAction\",\"target\":{\"@type\":\"EntryPoint\",\"urlTemplate\":\"https:\/\/dixie-keittiot.fi\/?s={search_term_string}\"},\"query-input\":\"required name=search_term_string\"}],\"inLanguage\":\"fi\"},{\"@type\":\"Organization\",\"@id\":\"https:\/\/dixie-keittiot.fi\/#organization\",\"name\":\"Dixie-Keitti\u00f6t\",\"url\":\"https:\/\/dixie-keittiot.fi\/\",\"logo\":{\"@type\":\"ImageObject\",\"inLanguage\":\"fi\",\"@id\":\"https:\/\/dixie-keittiot.fi\/#\/schema\/logo\/image\/\",\"url\":\"https:\/\/dixie-keittiot.fi\/wp-content\/uploads\/2019\/08\/cropped-logo2-1.png\",\"contentUrl\":\"https:\/\/dixie-keittiot.fi\/wp-content\/uploads\/2019\/08\/cropped-logo2-1.png\",\"width\":476,\"height\":250,\"caption\":\"Dixie-Keitti\u00f6t\"},\"image\":{\"@id\":\"https:\/\/dixie-keittiot.fi\/#\/schema\/logo\/image\/\"}}]}<\/script>\n<!-- \/ Yoast SEO plugin. -->","yoast_head_json":{"title":"Dixie-Keitti\u00f6t - Dixie-Keitti\u00f6t","description":"Meilt\u00e4 saat koko kodin kalustamiseen tarvittavat palvelut saman katon alta. Oma tuotantomme takaa nopean ja joustavan palvelun.","robots":{"index":"index","follow":"follow","max-snippet":"max-snippet:-1","max-image-preview":"max-image-preview:large","max-video-preview":"max-video-preview:-1"},"canonical":"https:\/\/dixie-keittiot.fi\/","og_locale":"fi_FI","og_type":"article","og_title":"Dixie-Keitti\u00f6t - Dixie-Keitti\u00f6t","og_description":"Meilt\u00e4 saat koko kodin kalustamiseen tarvittavat palvelut saman katon alta. Oma tuotantomme takaa nopean ja joustavan palvelun.","og_url":"https:\/\/dixie-keittiot.fi\/","og_site_name":"Dixie-Keitti\u00f6t","article_modified_time":"2020-05-02T17:28:51+00:00","twitter_card":"summary_large_image","schema":{"@context":"https:\/\/schema.org","@graph":[{"@type":"WebPage","@id":"https:\/\/dixie-keittiot.fi\/","url":"https:\/\/dixie-keittiot.fi\/","name":"Dixie-Keitti\u00f6t - Dixie-Keitti\u00f6t","isPartOf":{"@id":"https:\/\/dixie-keittiot.fi\/#website"},"datePublished":"2019-08-14T06:27:08+00:00","dateModified":"2020-05-02T17:28:51+00:00","description":"Meilt\u00e4 saat koko kodin kalustamiseen tarvittavat palvelut saman katon alta. Oma tuotantomme takaa nopean ja joustavan palvelun.","breadcrumb":{"@id":"https:\/\/dixie-keittiot.fi\/#breadcrumb"},"inLanguage":"fi","potentialAction":[{"@type":"ReadAction","target":["https:\/\/dixie-keittiot.fi\/"]}]},{"@type":"BreadcrumbList","@id":"https:\/\/dixie-keittiot.fi\/#breadcrumb","itemListElement":[{"@type":"ListItem","position":1,"name":"Home","item":"https:\/\/dixie-keittiot.fi\/"},{"@type":"ListItem","position":2,"name":"Dixie-Keitti\u00f6t"}]},{"@type":"WebSite","@id":"https:\/\/dixie-keittiot.fi\/#website","url":"https:\/\/dixie-keittiot.fi\/","name":"Dixie-Keitti\u00f6t","description":"Laatukeitti\u00f6t joka kotiin","publisher":{"@id":"https:\/\/dixie-keittiot.fi\/#organization"},"potentialAction":[{"@type":"SearchAction","target":{"@type":"EntryPoint","urlTemplate":"https:\/\/dixie-keittiot.fi\/?s={search_term_string}"},"query-input":"required name=search_term_string"}],"inLanguage":"fi"},{"@type":"Organization","@id":"https:\/\/dixie-keittiot.fi\/#organization","name":"Dixie-Keitti\u00f6t","url":"https:\/\/dixie-keittiot.fi\/","logo":{"@type":"ImageObject","inLanguage":"fi","@id":"https:\/\/dixie-keittiot.fi\/#\/schema\/logo\/image\/","url":"https:\/\/dixie-keittiot.fi\/wp-content\/uploads\/2019\/08\/cropped-logo2-1.png","contentUrl":"https:\/\/dixie-keittiot.fi\/wp-content\/uploads\/2019\/08\/cropped-logo2-1.png","width":476,"height":250,"caption":"Dixie-Keitti\u00f6t"},"image":{"@id":"https:\/\/dixie-keittiot.fi\/#\/schema\/logo\/image\/"}}]}},"_links":{"self":[{"href":"https:\/\/dixie-keittiot.fi\/index.php\/wp-json\/wp\/v2\/pages\/4","targetHints":{"allow":["GET"]}}],"collection":[{"href":"https:\/\/dixie-keittiot.fi\/index.php\/wp-json\/wp\/v2\/pages"}],"about":[{"href":"https:\/\/dixie-keittiot.fi\/index.php\/wp-json\/wp\/v2\/types\/page"}],"author":[{"embeddable":true,"href":"https:\/\/dixie-keittiot.fi\/index.php\/wp-json\/wp\/v2\/users\/1"}],"replies":[{"embeddable":true,"href":"https:\/\/dixie-keittiot.fi\/index.php\/wp-json\/wp\/v2\/comments?post=4"}],"version-history":[{"count":5,"href":"https:\/\/dixie-keittiot.fi\/index.php\/wp-json\/wp\/v2\/pages\/4\/revisions"}],"predecessor-version":[{"id":202,"href":"https:\/\/dixie-keittiot.fi\/index.php\/wp-json\/wp\/v2\/pages\/4\/revisions\/202"}],"wp:attachment":[{"href":"https:\/\/dixie-keittiot.fi\/index.php\/wp-json\/wp\/v2\/media?parent=4"}],"curies":[{"name":"wp","href":"https:\/\/api.w.org\/{rel}","templated":true}]}}