{"id":102,"date":"2019-08-15T00:25:43","date_gmt":"2019-08-14T21:25:43","guid":{"rendered":"http:\/\/uusi.dixie-keittiot.fi\/?page_id=102"},"modified":"2019-08-15T00:26:46","modified_gmt":"2019-08-14T21:26:46","slug":"rekisteri-ja-tietosuojaseloste","status":"publish","type":"page","link":"https:\/\/dixie-keittiot.fi\/index.php\/rekisteri-ja-tietosuojaseloste\/","title":{"rendered":"Rekisteri- ja tietosuojaseloste"},"content":{"rendered":"\n<p>T\u00e4m\u00e4 seloste koskee henkil\u00f6tietojen k\u00e4sittely\u00e4 T:mi Kalusteurakointi S. Ihalainen asiakasrekisteriss\u00e4.<\/p>\n\n\n\n<p><strong>Rekisterinpit\u00e4j\u00e4<\/strong><br> T:mi Kalusteurakointi S. Ihalainen <br>Y-tunnus:  1377144-5<\/p>\n\n\n\n<p>T\u00e4m\u00e4n palvelun osalta voit olla yhteydess\u00e4: seppo@dixie-keittiot.fi<\/p>\n\n\n\n<p><strong>Tiedot, joita k\u00e4sittelemme&nbsp;&nbsp;<\/strong><\/p>\n\n\n\n<ul class=\"wp-block-list\"><li>Nimi ja osoitetiedot<\/li><li>Puhelinnumero, s\u00e4hk\u00f6postiosoite ja faksinumero<\/li><li>Asiakastyyppi (henkil\u00f6\/yritys)<\/li><li>Tilauksen tiedot: toimitustiedot, toimitusosoite, maksutiedot, yrityksen tunnistetiedot, Y-tunnus, maksuasioiden yhteyshenkil\u00f6n yhteystiedot<\/li><li>Antamasi suostumukset tai kiellot&nbsp;vastaanottaa&nbsp;markkinointiviestint\u00e4\u00e4 s\u00e4hk\u00f6postitse tai matkapuhelimeen<\/li><li>Asiakassuhteen hoitamiseen liittyvi\u00e4 tietoja<\/li><li>Asiakaspalautteet<\/li><li>Tietoja markkinointi- ja asiakaspalvelutoimenpiteist\u00e4<\/li><li>Muut mahdolliset asiakkaan antamat tiedot<\/li><li>Verkkoselailutiedot<\/li><\/ul>\n\n\n\n<p><strong>Mihin tarkoitukseen tarvitsemme henkil\u00f6tietosi?<\/strong><\/p>\n\n\n\n<p>Henkil\u00f6tietojasi tarvitaan asiakassuhteen hoitamiseen. T\u00e4m\u00e4n lis\u00e4ksi k\u00e4yt\u00e4mme tietoja markkinointia ja kehitt\u00e4mist\u00e4 varten.<\/p>\n\n\n\n<p>S\u00e4ilytysaika<\/p>\n\n\n\n<ul class=\"wp-block-list\"><li>Tilauksiin liittyvi\u00e4 henkil\u00f6tietoja s\u00e4ilytet\u00e4\u00e4n 6 vuotta kirjanpitolain mukaisesti.<\/li><li>Suostumus- ja kieltotietoa markkinointiviestint\u00e4\u00e4n s\u00e4ilyt\u00e4mme asiakkaan tahtotilan mukaisesti ja kaksi vuotta suostumuksen peruuttamisesta tai kiellon asettamisesta.<\/li><li>Asiakassuhteen hoitamiseen liittyvi\u00e4 asiakaspalvelutoimenpidetietoja, kuten asiakaspalautteita s\u00e4ilyt\u00e4mme kuusi kuukautta siit\u00e4, kun asiakaspalvelutoimenpide on p\u00e4\u00e4tetty.<\/li><li>Verkko- ja mobiilipalvelun k\u00e4ytt\u00e4j\u00e4tunnustietoja sek\u00e4 verkkoselailutietoa s\u00e4ilyt\u00e4mme 26 kuukautta<\/li><\/ul>\n\n\n\n<p>Oikeutesi peruuttaa suostumus<\/p>\n\n\n\n<p>Kun henkil\u00f6tietojesi k\u00e4sittely perustuu antamaasi suostumukseen, voit milloin tahansa peruuttaa suostumuksesi.<\/p>\n\n\n\n<p>Henkil\u00f6tietojesi k\u00e4sittely perustuu suostumukseen silloin, kun olet antanut luvan s\u00e4hk\u00f6iseen suoramarkkinointiin. Voit peruuttaa antamasi suostumuksen jokaisen s\u00e4hk\u00f6isen markkinointikirjeen alaosassa olevan linkin kautta tai ottamalla meihin yhteytt\u00e4.<\/p>\n\n\n\n<p>Tietojen tarkastaminen<\/p>\n\n\n\n<p>Toimitamme sinulle pyynn\u00f6st\u00e4 j\u00e4ljenn\u00f6ksen k\u00e4sitelt\u00e4vist\u00e4 henkil\u00f6tiedoistasi. Voit tehd\u00e4 pyynn\u00f6n kirjallisesti s\u00e4hk\u00f6postilla enint\u00e4\u00e4n kaksi kertaa vuodessa.<\/p>\n\n\n\n<p>Tietojen korjaaminen<\/p>\n\n\n\n<p>Voit milloin tahansa pyyt\u00e4\u00e4 korjausta henkil\u00f6tietoihisi<\/p>\n\n\n\n<p>Tietojen poistaminen<\/p>\n\n\n\n<p>Voit pyyt\u00e4\u00e4 henkil\u00f6tietosi poistamista rekisterist\u00e4. Tietosi poistetaan, jos k\u00e4sittelylle ei en\u00e4\u00e4 ole olemassa laillista perustetta.<\/p>\n\n\n\n<p>Tietojen siirt\u00e4minen<\/p>\n\n\n\n<p>Sinulla on oikeus saada meille itse toimittamasi tiedot koneellisesti luettavassa muodossa ja siirt\u00e4\u00e4 tiedot j\u00e4rjestelm\u00e4st\u00e4 toiseen, kun k\u00e4sittely perustuu suostumukseen tai sopimukseen ja k\u00e4sittely tehd\u00e4\u00e4n automatisoidusti.<\/p>\n\n\n\n<p>Muuta tietojen k\u00e4sittelyyn liittyen.<\/p>\n\n\n\n<p>Tietyiss\u00e4 tilanteissa sinulla on oikeus vastustaa henkil\u00f6tietojesi k\u00e4sittely\u00e4 henkil\u00f6kohtaisiin syihisi vedoten. T\u00e4m\u00e4 oikeus sinulla on olemassa silloin, kun k\u00e4sittely perustuu oikeutettuun etuun. Voit esimerkiksi vastustaa henkil\u00f6tietojesi k\u00e4sittely\u00e4 profilointia varten. Voit my\u00f6s milloin tahansa vastustaa henkil\u00f6tietojesi k\u00e4sittely\u00e4 suoramarkkinointia varten. Sinulla voi my\u00f6s olla oikeus rajoittaa henkil\u00f6tietojesi k\u00e4sittely\u00e4. Tuolloin rekisterinpit\u00e4j\u00e4 ei p\u00e4\u00e4s\u00e4\u00e4nt\u00f6isesti k\u00e4sittele tietojasi muuten kuin s\u00e4ilytt\u00e4m\u00e4ll\u00e4 tiedon. T\u00e4m\u00e4 oikeus sinulla on esimerkiksi, kun kiist\u00e4t henkil\u00f6tietojesi paikkansapit\u00e4vyyden, jos k\u00e4sittely on lainvastaista tai jos olet vastustanut henkil\u00f6tietojesi k\u00e4sittely\u00e4 ja odotat vastausta kyseiseen toimenpidepyynt\u00f6\u00f6n.<\/p>\n\n\n\n<p>K\u00e4ytt\u00f6tiedot ja ev\u00e4steet<\/p>\n\n\n\n<p>Voimme ker\u00e4t\u00e4, k\u00e4sitell\u00e4 ja analysoida tietoja sivujemme k\u00e4yt\u00f6st\u00e4, liikenteest\u00e4, tapahtumista ja muista sivuihin liittyvist\u00e4 tilastotiedoista. Voimme my\u00f6s hankkia t\u00e4llaista tietoa luotettavilta kolmansilta tahoilta. T\u00e4llaista tietoa ei voida palauttaa yksitt\u00e4ist\u00e4 tunnistettavaa henkil\u00f6\u00e4 koskevaksi. K\u00e4ytt\u00e4ess\u00e4si sivustoja selaimesi saattaa tallentaa koneellesi l\u00e4hett\u00e4m\u00e4mme pienen tiedoston, jota kutsutaan ev\u00e4steeksi (Cookie). Ev\u00e4steiden avulla voimme tunnistaa k\u00e4ytt\u00e4m\u00e4si tietokoneen sek\u00e4 tiettyj\u00e4 ko. koneeseen liittyvi\u00e4 tietoja sivujemme k\u00e4yt\u00f6st\u00e4. Ev\u00e4steet ilmenev\u00e4t esimerkiksi niin, ett\u00e4 aikaisemmin samalta koneelta l\u00e4hetetty tieto t\u00e4ydentyy automaattisesti ko. sivulla. Selaimesi hyv\u00e4ksyy todenn\u00e4k\u00f6isesti ev\u00e4steet oletusasetuksin mutta voit mahdollisesti muuttaa selaimesi asetuksia ja my\u00f6s poistaa ev\u00e4steet koneeltasi. Palvelu voi vaatia ev\u00e4steiden hyv\u00e4ksymisen toimiakseen. Ev\u00e4steiden ja k\u00e4ytt\u00f6tietojen avulla toivomme voivamme kehitt\u00e4\u00e4 palvelujamme asiakkaidemme mieltymysten mukaisesti. K\u00e4yt\u00e4mme my\u00f6s kaupallisia ev\u00e4steit\u00e4, joiden avulla voimme kohdentaa sinulle markkinointia muilla verkkosivustoilla. N\u00e4m\u00e4 ev\u00e4steet toimittaa luotettu kolmas taho. Kunnioitamme yksityisyytt\u00e4si ja olemme sitoutuneet huolehtimaan sinun henkil\u00f6tietojesi asianmukaisesta k\u00e4sittelyst\u00e4.<\/p>\n\n\n\n<p>Tietoja henkil\u00f6tietojen k\u00e4sittelij\u00f6ist\u00e4<\/p>\n\n\n\n<p>T:mi Kalusteurakointi S. Ihalainen rekisterinpit\u00e4j\u00e4n\u00e4 k\u00e4sittelee henkil\u00f6tietoja itse, mutta k\u00e4ytt\u00e4\u00e4 my\u00f6s apunaan ulkoisia palveluntuottajia, esimerkiksi laskutukseen, verkkopalvelun tarjoamiseen, markkinointiin, kirjanpidollisiin asioihin, asiakastutkimuksiin jne. Pyrimme k\u00e4ytt\u00e4m\u00e4\u00e4n parhaita ja luotettavia yhteisty\u00f6kumppaneita ja vastaamme n\u00e4iden toiminnasta henkil\u00f6tietoja k\u00e4sitelt\u00e4ess\u00e4.  T:mi Kalusteurakointi S. Ihalainen voi luovuttaa henkil\u00f6tietoja viranomaisille (lakiin perustuen).<\/p>\n\n\n\n<p>Rekisterin tietoja ei luovuteta ulkopuolisille. Tiedot tallentuvat palvelimelle, jonne vain rekisteriasioita hoitavalla henkil\u00f6ll\u00e4 on k\u00e4ytt\u00f6oikeudet. Tiedot on suojattu k\u00e4ytt\u00e4j\u00e4tunnuksella ja salasanalla.<\/p>\n\n\n\n<p><strong>Yhteystiedot<\/strong><br> T:mi Kalusteurakointi S. Ihalainen<a href=\"mailto:asiakaspalvelu@uusikierros.fi\"><br>seppo@dixie-keittiot.fi<\/a><\/p>\n\n\n\n<p>Olemme tehneet parhaamme varmistaaksemme tietojesi luottamuksellisuuden, turvallisuuden ja oikeellisuuden.&nbsp;Suomessa EU:n yleist\u00e4 tietosuoja-asetusta valvoo tietosuojaviranomainen.<\/p>\n","protected":false},"excerpt":{"rendered":"<p>T\u00e4m\u00e4 seloste koskee henkil\u00f6tietojen k\u00e4sittely\u00e4 T:mi Kalusteurakointi S. Ihalainen asiakasrekisteriss\u00e4. Rekisterinpit\u00e4j\u00e4 T:mi Kalusteurakointi S. Ihalainen Y-tunnus: 1377144-5 T\u00e4m\u00e4n palvelun osalta voit olla yhteydess\u00e4: seppo@dixie-keittiot.fi Tiedot, joita k\u00e4sittelemme&nbsp;&nbsp; Nimi ja osoitetiedot Puhelinnumero, s\u00e4hk\u00f6postiosoite ja faksinumero Asiakastyyppi (henkil\u00f6\/yritys) Tilauksen tiedot: toimitustiedot, toimitusosoite, maksutiedot, yrityksen tunnistetiedot, Y-tunnus, maksuasioiden yhteyshenkil\u00f6n yhteystiedot Antamasi suostumukset tai kiellot&nbsp;vastaanottaa&nbsp;markkinointiviestint\u00e4\u00e4 s\u00e4hk\u00f6postitse tai matkapuhelimeen Asiakassuhteen &hellip; <\/p>\n<p class=\"link-more\"><a href=\"https:\/\/dixie-keittiot.fi\/index.php\/rekisteri-ja-tietosuojaseloste\/\" class=\"more-link\">Jatka lukemista<span class=\"screen-reader-text\"> &#8221;Rekisteri- ja tietosuojaseloste&#8221;<\/span><\/a><\/p>\n","protected":false},"author":1,"featured_media":0,"parent":0,"menu_order":0,"comment_status":"closed","ping_status":"closed","template":"","meta":{"footnotes":""},"class_list":["post-102","page","type-page","status-publish","hentry"],"yoast_head":"<!-- This site is optimized with the Yoast SEO plugin v22.6 - https:\/\/yoast.com\/wordpress\/plugins\/seo\/ -->\n<title>Rekisteri- ja tietosuojaseloste - Dixie-Keitti\u00f6t<\/title>\n<meta name=\"robots\" content=\"index, follow, max-snippet:-1, max-image-preview:large, max-video-preview:-1\" \/>\n<link rel=\"canonical\" href=\"https:\/\/dixie-keittiot.fi\/index.php\/rekisteri-ja-tietosuojaseloste\/\" \/>\n<meta property=\"og:locale\" content=\"fi_FI\" \/>\n<meta property=\"og:type\" content=\"article\" \/>\n<meta property=\"og:title\" content=\"Rekisteri- ja tietosuojaseloste - Dixie-Keitti\u00f6t\" \/>\n<meta property=\"og:description\" content=\"T\u00e4m\u00e4 seloste koskee henkil\u00f6tietojen k\u00e4sittely\u00e4 T:mi Kalusteurakointi S. Ihalainen asiakasrekisteriss\u00e4. Rekisterinpit\u00e4j\u00e4 T:mi Kalusteurakointi S. Ihalainen Y-tunnus: 1377144-5 T\u00e4m\u00e4n palvelun osalta voit olla yhteydess\u00e4: seppo@dixie-keittiot.fi Tiedot, joita k\u00e4sittelemme&nbsp;&nbsp; Nimi ja osoitetiedot Puhelinnumero, s\u00e4hk\u00f6postiosoite ja faksinumero Asiakastyyppi (henkil\u00f6\/yritys) Tilauksen tiedot: toimitustiedot, toimitusosoite, maksutiedot, yrityksen tunnistetiedot, Y-tunnus, maksuasioiden yhteyshenkil\u00f6n yhteystiedot Antamasi suostumukset tai kiellot&nbsp;vastaanottaa&nbsp;markkinointiviestint\u00e4\u00e4 s\u00e4hk\u00f6postitse tai matkapuhelimeen Asiakassuhteen &hellip; Jatka lukemista &quot;Rekisteri- ja tietosuojaseloste&quot;\" \/>\n<meta property=\"og:url\" content=\"https:\/\/dixie-keittiot.fi\/index.php\/rekisteri-ja-tietosuojaseloste\/\" \/>\n<meta property=\"og:site_name\" content=\"Dixie-Keitti\u00f6t\" \/>\n<meta property=\"article:modified_time\" content=\"2019-08-14T21:26:46+00:00\" \/>\n<meta name=\"twitter:card\" content=\"summary_large_image\" \/>\n<meta name=\"twitter:label1\" content=\"Arvioitu lukuaika\" \/>\n\t<meta name=\"twitter:data1\" content=\"4 minuuttia\" \/>\n<script type=\"application\/ld+json\" class=\"yoast-schema-graph\">{\"@context\":\"https:\/\/schema.org\",\"@graph\":[{\"@type\":\"WebPage\",\"@id\":\"https:\/\/dixie-keittiot.fi\/index.php\/rekisteri-ja-tietosuojaseloste\/\",\"url\":\"https:\/\/dixie-keittiot.fi\/index.php\/rekisteri-ja-tietosuojaseloste\/\",\"name\":\"Rekisteri- ja tietosuojaseloste - Dixie-Keitti\u00f6t\",\"isPartOf\":{\"@id\":\"https:\/\/dixie-keittiot.fi\/#website\"},\"datePublished\":\"2019-08-14T21:25:43+00:00\",\"dateModified\":\"2019-08-14T21:26:46+00:00\",\"breadcrumb\":{\"@id\":\"https:\/\/dixie-keittiot.fi\/index.php\/rekisteri-ja-tietosuojaseloste\/#breadcrumb\"},\"inLanguage\":\"fi\",\"potentialAction\":[{\"@type\":\"ReadAction\",\"target\":[\"https:\/\/dixie-keittiot.fi\/index.php\/rekisteri-ja-tietosuojaseloste\/\"]}]},{\"@type\":\"BreadcrumbList\",\"@id\":\"https:\/\/dixie-keittiot.fi\/index.php\/rekisteri-ja-tietosuojaseloste\/#breadcrumb\",\"itemListElement\":[{\"@type\":\"ListItem\",\"position\":1,\"name\":\"Home\",\"item\":\"https:\/\/dixie-keittiot.fi\/\"},{\"@type\":\"ListItem\",\"position\":2,\"name\":\"Rekisteri- ja tietosuojaseloste\"}]},{\"@type\":\"WebSite\",\"@id\":\"https:\/\/dixie-keittiot.fi\/#website\",\"url\":\"https:\/\/dixie-keittiot.fi\/\",\"name\":\"Dixie-Keitti\u00f6t\",\"description\":\"Laatukeitti\u00f6t joka kotiin\",\"publisher\":{\"@id\":\"https:\/\/dixie-keittiot.fi\/#organization\"},\"potentialAction\":[{\"@type\":\"SearchAction\",\"target\":{\"@type\":\"EntryPoint\",\"urlTemplate\":\"https:\/\/dixie-keittiot.fi\/?s={search_term_string}\"},\"query-input\":\"required name=search_term_string\"}],\"inLanguage\":\"fi\"},{\"@type\":\"Organization\",\"@id\":\"https:\/\/dixie-keittiot.fi\/#organization\",\"name\":\"Dixie-Keitti\u00f6t\",\"url\":\"https:\/\/dixie-keittiot.fi\/\",\"logo\":{\"@type\":\"ImageObject\",\"inLanguage\":\"fi\",\"@id\":\"https:\/\/dixie-keittiot.fi\/#\/schema\/logo\/image\/\",\"url\":\"https:\/\/dixie-keittiot.fi\/wp-content\/uploads\/2019\/08\/cropped-logo2-1.png\",\"contentUrl\":\"https:\/\/dixie-keittiot.fi\/wp-content\/uploads\/2019\/08\/cropped-logo2-1.png\",\"width\":476,\"height\":250,\"caption\":\"Dixie-Keitti\u00f6t\"},\"image\":{\"@id\":\"https:\/\/dixie-keittiot.fi\/#\/schema\/logo\/image\/\"}}]}<\/script>\n<!-- \/ Yoast SEO plugin. -->","yoast_head_json":{"title":"Rekisteri- ja tietosuojaseloste - Dixie-Keitti\u00f6t","robots":{"index":"index","follow":"follow","max-snippet":"max-snippet:-1","max-image-preview":"max-image-preview:large","max-video-preview":"max-video-preview:-1"},"canonical":"https:\/\/dixie-keittiot.fi\/index.php\/rekisteri-ja-tietosuojaseloste\/","og_locale":"fi_FI","og_type":"article","og_title":"Rekisteri- ja tietosuojaseloste - Dixie-Keitti\u00f6t","og_description":"T\u00e4m\u00e4 seloste koskee henkil\u00f6tietojen k\u00e4sittely\u00e4 T:mi Kalusteurakointi S. Ihalainen asiakasrekisteriss\u00e4. Rekisterinpit\u00e4j\u00e4 T:mi Kalusteurakointi S. Ihalainen Y-tunnus: 1377144-5 T\u00e4m\u00e4n palvelun osalta voit olla yhteydess\u00e4: seppo@dixie-keittiot.fi Tiedot, joita k\u00e4sittelemme&nbsp;&nbsp; Nimi ja osoitetiedot Puhelinnumero, s\u00e4hk\u00f6postiosoite ja faksinumero Asiakastyyppi (henkil\u00f6\/yritys) Tilauksen tiedot: toimitustiedot, toimitusosoite, maksutiedot, yrityksen tunnistetiedot, Y-tunnus, maksuasioiden yhteyshenkil\u00f6n yhteystiedot Antamasi suostumukset tai kiellot&nbsp;vastaanottaa&nbsp;markkinointiviestint\u00e4\u00e4 s\u00e4hk\u00f6postitse tai matkapuhelimeen Asiakassuhteen &hellip; Jatka lukemista \"Rekisteri- ja tietosuojaseloste\"","og_url":"https:\/\/dixie-keittiot.fi\/index.php\/rekisteri-ja-tietosuojaseloste\/","og_site_name":"Dixie-Keitti\u00f6t","article_modified_time":"2019-08-14T21:26:46+00:00","twitter_card":"summary_large_image","twitter_misc":{"Arvioitu lukuaika":"4 minuuttia"},"schema":{"@context":"https:\/\/schema.org","@graph":[{"@type":"WebPage","@id":"https:\/\/dixie-keittiot.fi\/index.php\/rekisteri-ja-tietosuojaseloste\/","url":"https:\/\/dixie-keittiot.fi\/index.php\/rekisteri-ja-tietosuojaseloste\/","name":"Rekisteri- ja tietosuojaseloste - Dixie-Keitti\u00f6t","isPartOf":{"@id":"https:\/\/dixie-keittiot.fi\/#website"},"datePublished":"2019-08-14T21:25:43+00:00","dateModified":"2019-08-14T21:26:46+00:00","breadcrumb":{"@id":"https:\/\/dixie-keittiot.fi\/index.php\/rekisteri-ja-tietosuojaseloste\/#breadcrumb"},"inLanguage":"fi","potentialAction":[{"@type":"ReadAction","target":["https:\/\/dixie-keittiot.fi\/index.php\/rekisteri-ja-tietosuojaseloste\/"]}]},{"@type":"BreadcrumbList","@id":"https:\/\/dixie-keittiot.fi\/index.php\/rekisteri-ja-tietosuojaseloste\/#breadcrumb","itemListElement":[{"@type":"ListItem","position":1,"name":"Home","item":"https:\/\/dixie-keittiot.fi\/"},{"@type":"ListItem","position":2,"name":"Rekisteri- ja tietosuojaseloste"}]},{"@type":"WebSite","@id":"https:\/\/dixie-keittiot.fi\/#website","url":"https:\/\/dixie-keittiot.fi\/","name":"Dixie-Keitti\u00f6t","description":"Laatukeitti\u00f6t joka kotiin","publisher":{"@id":"https:\/\/dixie-keittiot.fi\/#organization"},"potentialAction":[{"@type":"SearchAction","target":{"@type":"EntryPoint","urlTemplate":"https:\/\/dixie-keittiot.fi\/?s={search_term_string}"},"query-input":"required name=search_term_string"}],"inLanguage":"fi"},{"@type":"Organization","@id":"https:\/\/dixie-keittiot.fi\/#organization","name":"Dixie-Keitti\u00f6t","url":"https:\/\/dixie-keittiot.fi\/","logo":{"@type":"ImageObject","inLanguage":"fi","@id":"https:\/\/dixie-keittiot.fi\/#\/schema\/logo\/image\/","url":"https:\/\/dixie-keittiot.fi\/wp-content\/uploads\/2019\/08\/cropped-logo2-1.png","contentUrl":"https:\/\/dixie-keittiot.fi\/wp-content\/uploads\/2019\/08\/cropped-logo2-1.png","width":476,"height":250,"caption":"Dixie-Keitti\u00f6t"},"image":{"@id":"https:\/\/dixie-keittiot.fi\/#\/schema\/logo\/image\/"}}]}},"_links":{"self":[{"href":"https:\/\/dixie-keittiot.fi\/index.php\/wp-json\/wp\/v2\/pages\/102","targetHints":{"allow":["GET"]}}],"collection":[{"href":"https:\/\/dixie-keittiot.fi\/index.php\/wp-json\/wp\/v2\/pages"}],"about":[{"href":"https:\/\/dixie-keittiot.fi\/index.php\/wp-json\/wp\/v2\/types\/page"}],"author":[{"embeddable":true,"href":"https:\/\/dixie-keittiot.fi\/index.php\/wp-json\/wp\/v2\/users\/1"}],"replies":[{"embeddable":true,"href":"https:\/\/dixie-keittiot.fi\/index.php\/wp-json\/wp\/v2\/comments?post=102"}],"version-history":[{"count":2,"href":"https:\/\/dixie-keittiot.fi\/index.php\/wp-json\/wp\/v2\/pages\/102\/revisions"}],"predecessor-version":[{"id":105,"href":"https:\/\/dixie-keittiot.fi\/index.php\/wp-json\/wp\/v2\/pages\/102\/revisions\/105"}],"wp:attachment":[{"href":"https:\/\/dixie-keittiot.fi\/index.php\/wp-json\/wp\/v2\/media?parent=102"}],"curies":[{"name":"wp","href":"https:\/\/api.w.org\/{rel}","templated":true}]}}